{"id":510,"date":"2014-04-14T08:03:08","date_gmt":"2014-04-14T08:03:08","guid":{"rendered":"http:\/\/bitpublimedia.ro\/themeforest\/sapphire-wp\/?page_id=5"},"modified":"2026-03-28T16:40:43","modified_gmt":"2026-03-28T19:40:43","slug":"home","status":"publish","type":"page","link":"https:\/\/www.intelmais.com\/","title":{"rendered":""},"content":{"rendered":"<div class=\"vce-row-container\"><div class=\"vce-row vce-row--col-gap-0 vce-row-equal-height vce-row-content--middle\" data-vce-full-width=\"true\" id=\"el-1c197b5d\" data-vce-do-apply=\"all el-1c197b5d\"><div class=\"vce-content-background-container\"><\/div><div class=\"vce-row-content\" data-vce-element-content=\"true\"><div class=\"vce-col vce-col--md-100p vce-col--xs-1 vce-col--xs-last vce-col--xs-first vce-col--sm-last vce-col--sm-first vce-col--md-last vce-col--lg-last vce-col--xl-last vce-col--md-first vce-col--lg-first vce-col--xl-first\" id=\"el-86708841\"><div class=\"vce-col-inner\" data-vce-do-apply=\"border margin background  el-86708841\"><div class=\"vce-col-content\" data-vce-element-content=\"true\" data-vce-do-apply=\"padding el-86708841\"><div class=\"vce-raw-html\"><div class=\"vce-raw-html-wrapper\" id=\"el-cf8538c0\" data-vce-do-apply=\"all el-cf8538c0\"><div style=\"position: relative; width: 100%; height: 0; padding-top: 56.2225%;\n padding-bottom: 0; box-shadow: 0 2px 8px 0 rgba(63,69,81,0.16); margin-top: 1.6em; margin-bottom: 0.9em; overflow: hidden;\n border-radius: 8px; will-change: transform;\">\n  <iframe loading=\"lazy\" style=\"position: absolute; width: 100%; height: 100%; top: 0; left: 0; border: none; padding: 0;margin: 0;\" src=\"https:\/\/www.canva.com\/design\/DAF4MVov8_Q\/view?embed\" allowfullscreen=\"allowfullscreen\" allow=\"fullscreen\">\n  <\/iframe>\n<\/div>\n<a href=\"https:\/\/www.canva.com\/design\/DAF4MVov8_Q\/view?utm_content=DAF4MVov8_Q&amp;utm_campaign=designshare&amp;utm_medium=embeds&amp;utm_source=link\" target=\"_blank\" rel=\"noopener\"><\/a><\/div><\/div><div class=\"vce-button--style-basic-container vce-button--style-basic-container--align-center\"><span class=\"vce-button--style-basic-wrapper vce\" id=\"el-0d29932f\" data-vce-do-apply=\"margin el-0d29932f\"><a class=\"vce-button vce-button--style-basic vce-button--style-basic--border-rounded vce-button--style-basic--size-medium vce-button--style-basic--color-b-77-209-171--b-255-255-255\" href=\"https:\/\/www.intelmais.com\/?page_id=2301\" title=\"Negocie Conosco\" data-vce-do-apply=\"padding border background  el-0d29932f\">Fale com nosso atendimento!<\/a><\/span><\/div><\/div><\/div><\/div><div class=\"vce-col vce-col--md-auto vce-col--xs-1 vce-col--xs-last vce-col--xs-first vce-col--sm-last vce-col--sm-first vce-col--md-last vce-col--lg-last vce-col--xl-last vce-col--md-first vce-col--lg-first vce-col--xl-first\" id=\"el-4fd08a57\"><div class=\"vce-col-inner\" data-vce-do-apply=\"border margin background  el-4fd08a57\"><div class=\"vce-col-content\" data-vce-element-content=\"true\" data-vce-do-apply=\"padding el-4fd08a57\"><div class=\"vce-text-block\"><div class=\"vce-text-block-wrapper vce\" id=\"el-92d8fbc1\" data-vce-do-apply=\"all el-92d8fbc1\"><p data-start=\"778\" data-end=\"941\">Atuamos como parceiro das institui\u00e7\u00f5es na gest\u00e3o de relacionamento com seus clientes, com base em comunica\u00e7\u00e3o respons\u00e1vel e intera\u00e7\u00e3o orientada ao atendimento.<\/p>\n<p data-start=\"943\" data-end=\"1144\">Nossos contatos s\u00e3o realizados exclusivamente com clientes que possuem relacionamento pr\u00e9vio com as institui\u00e7\u00f5es atendidas, garantindo relev\u00e2ncia, transpar\u00eancia e respeito \u00e0 experi\u00eancia do usu\u00e1rio.<\/p><\/div><\/div><\/div><\/div><\/div><\/div><\/div><\/div><div class=\"vce-row-container\" data-vce-boxed-width=\"true\"><div class=\"vce-row vce-row--col-gap-30 vce-row-equal-height vce-row-content--top\" id=\"el-afad429f\" data-vce-do-apply=\"all el-afad429f\"><div class=\"vce-row-content\" data-vce-element-content=\"true\"><div class=\"vce-col vce-col--md-auto vce-col--xs-1 vce-col--xs-last vce-col--xs-first vce-col--sm-last vce-col--sm-first vce-col--md-last vce-col--lg-last vce-col--xl-last vce-col--md-first vce-col--lg-first vce-col--xl-first\" id=\"el-e6b7ec72\"><div class=\"vce-col-inner\" data-vce-do-apply=\"border margin background  el-e6b7ec72\"><div class=\"vce-col-content\" data-vce-element-content=\"true\" data-vce-do-apply=\"padding el-e6b7ec72\"><div class=\"vce-single-image-container vce-single-image--align-center\"><div class=\"vce vce-single-image-wrapper\" id=\"el-57ad3996\" data-vce-do-apply=\"all el-57ad3996\"><figure><div class=\"vce-single-image-figure-inner\" style=\"width: 1280px;\"><div class=\"vce-single-image-inner vce-single-image--absolute\" style=\"width: 100%; padding-bottom: 56.25%;\"><img decoding=\"async\" class=\"vce-single-image\" data-attachment-id=\"3176\" alt=\"\" title=\"Home_Resumo_Servicos\" src=\"https:\/\/www.intelmais.com\/wp-content\/uploads\/2026\/03\/Home_Resumo_Servicos.png\" data-img-src=\"https:\/\/www.intelmais.com\/wp-content\/uploads\/2026\/03\/Home_Resumo_Servicos.png\"><\/div><\/div><figcaption hidden=\"\"><\/figcaption><\/figure><\/div><\/div><div class=\"vce-button--style-basic-container vce-button--style-basic-container--align-center\"><span class=\"vce-button--style-basic-wrapper vce\" id=\"el-547735b7\" data-vce-do-apply=\"margin el-547735b7\"><a class=\"vce-button vce-button--style-basic vce-button--style-basic--border-rounded vce-button--style-basic--size-medium vce-button--style-basic--color-b-32-84-132--fff\" href=\"https:\/\/www.intelmais.com\/?page_id=45\" title=\"Fale Conosto\" data-vce-do-apply=\"padding border background  el-547735b7\">Consulte-nos sobre nossos servi\u00e7os<\/a><\/span><\/div><div class=\"vce-single-image-container vce-single-image--align-center\"><div class=\"vce vce-single-image-wrapper\" id=\"el-639ada5f\" data-vce-do-apply=\"all el-639ada5f\"><figure><div class=\"vce-single-image-figure-inner\" style=\"width: 1280px;\"><div class=\"vce-single-image-inner vce-single-image--absolute vce-single-image--border-rounded\" style=\"width: 100%; padding-bottom: 56.25%;\"><img decoding=\"async\" class=\"vce-single-image\" src=\"https:\/\/www.intelmais.com\/wp-content\/uploads\/2023\/12\/Home_QuemSomos_Background.png\" data-img-src=\"https:\/\/www.intelmais.com\/wp-content\/uploads\/2023\/12\/Home_QuemSomos_Background.png\" data-attachment-id=\"2982\" alt=\"Quem Somos\" title=\"Home_QuemSomos_Background\"><\/div><\/div><figcaption hidden=\"\"><\/figcaption><\/figure><\/div><\/div><\/div><\/div><\/div><\/div><\/div><\/div><div class=\"vce-row-container\" data-vce-boxed-width=\"true\"><div class=\"vce-row vce-row--col-gap-30 vce-row-equal-height vce-row-content--top\" id=\"el-f96f77dd\" data-vce-do-apply=\"all el-f96f77dd\"><div class=\"vce-row-content\" data-vce-element-content=\"true\"><div class=\"vce-col vce-col--md-auto vce-col--xs-1 vce-col--xs-last vce-col--xs-first vce-col--sm-last vce-col--sm-first vce-col--md-last vce-col--lg-last vce-col--xl-last vce-col--md-first vce-col--lg-first vce-col--xl-first\" id=\"el-ff49a3ee\"><div class=\"vce-col-inner\" data-vce-do-apply=\"border margin background  el-ff49a3ee\"><div class=\"vce-col-content\" data-vce-element-content=\"true\" data-vce-do-apply=\"padding el-ff49a3ee\"><div class=\"vcv-row-control-wrapper\"><\/div><\/div><\/div><\/div><\/div><\/div><\/div>","protected":false},"excerpt":{"rendered":"<p>Fale com nosso atendimento!Atuamos como parceiro das institui\u00e7\u00f5es na gest\u00e3o de relacionamento com seus clientes, com base em comunica\u00e7\u00e3o respons\u00e1vel e intera\u00e7\u00e3o orientada ao atendimento. Nossos contatos s\u00e3o realizados exclusivamente com clientes que possuem relacionamento pr\u00e9vio com as institui\u00e7\u00f5es atendidas, garantindo relev\u00e2ncia, transpar\u00eancia e respeito \u00e0 experi\u00eancia do usu\u00e1rio.Consulte-nos sobre nossos servi\u00e7os<\/p>\n","protected":false},"author":11,"featured_media":0,"parent":0,"menu_order":0,"comment_status":"closed","ping_status":"closed","template":"","meta":{"neve_meta_sidebar":"","neve_meta_container":"","neve_meta_enable_content_width":"off","neve_meta_content_width":100,"neve_meta_title_alignment":"","neve_meta_author_avatar":"","neve_post_elements_order":"","neve_meta_disable_header":"","neve_meta_disable_footer":"","neve_meta_disable_title":"","footnotes":""},"class_list":["post-510","page","type-page","status-publish","hentry"],"yoast_head":"<!-- This site is optimized with the Yoast SEO plugin v27.2 - https:\/\/yoast.com\/product\/yoast-seo-wordpress\/ -->\n<title>Home - IntelMais<\/title>\n<meta name=\"description\" content=\"Servi\u00e7os de Callcenter IntelMais - Cobran\u00e7a\" \/>\n<meta name=\"robots\" content=\"index, follow, max-snippet:-1, max-image-preview:large, max-video-preview:-1\" \/>\n<link rel=\"canonical\" href=\"https:\/\/www.intelmais.com\/\" \/>\n<meta property=\"og:locale\" content=\"pt_BR\" \/>\n<meta property=\"og:type\" content=\"article\" \/>\n<meta property=\"og:title\" content=\"Home - IntelMais\" \/>\n<meta property=\"og:description\" content=\"Servi\u00e7os de Callcenter IntelMais - Cobran\u00e7a\" \/>\n<meta property=\"og:url\" content=\"https:\/\/www.intelmais.com\/\" \/>\n<meta property=\"og:site_name\" content=\"IntelMais\" \/>\n<meta property=\"article:publisher\" content=\"https:\/\/www.facebook.com\/intelmaiscallcenter\" \/>\n<meta property=\"article:modified_time\" content=\"2026-03-28T19:40:43+00:00\" \/>\n<meta name=\"twitter:card\" content=\"summary_large_image\" \/>\n<meta name=\"twitter:label1\" content=\"Est. tempo de leitura\" \/>\n\t<meta name=\"twitter:data1\" content=\"1 minuto\" \/>\n<script type=\"application\/ld+json\" class=\"yoast-schema-graph\">{\"@context\":\"https:\/\/schema.org\",\"@graph\":[{\"@type\":\"WebPage\",\"@id\":\"https:\/\/www.intelmais.com\/\",\"url\":\"https:\/\/www.intelmais.com\/\",\"name\":\"Home - IntelMais\",\"isPartOf\":{\"@id\":\"https:\/\/www.intelmais.com\/#website\"},\"datePublished\":\"2014-04-14T08:03:08+00:00\",\"dateModified\":\"2026-03-28T19:40:43+00:00\",\"description\":\"Servi\u00e7os de Callcenter IntelMais - Cobran\u00e7a\",\"breadcrumb\":{\"@id\":\"https:\/\/www.intelmais.com\/#breadcrumb\"},\"inLanguage\":\"pt-BR\",\"potentialAction\":[{\"@type\":\"ReadAction\",\"target\":[\"https:\/\/www.intelmais.com\/\"]}]},{\"@type\":\"BreadcrumbList\",\"@id\":\"https:\/\/www.intelmais.com\/#breadcrumb\",\"itemListElement\":[{\"@type\":\"ListItem\",\"position\":1,\"name\":\"In\u00edcio\",\"item\":\"https:\/\/www.intelmais.com\/\"},{\"@type\":\"ListItem\",\"position\":2,\"name\":\"Home\"}]},{\"@type\":\"WebSite\",\"@id\":\"https:\/\/www.intelmais.com\/#website\",\"url\":\"https:\/\/www.intelmais.com\/\",\"name\":\"IntelMais\",\"description\":\"Servi\u00e7os de Callcenter\",\"publisher\":{\"@id\":\"https:\/\/www.intelmais.com\/#organization\"},\"potentialAction\":[{\"@type\":\"SearchAction\",\"target\":{\"@type\":\"EntryPoint\",\"urlTemplate\":\"https:\/\/www.intelmais.com\/?s={search_term_string}\"},\"query-input\":{\"@type\":\"PropertyValueSpecification\",\"valueRequired\":true,\"valueName\":\"search_term_string\"}}],\"inLanguage\":\"pt-BR\"},{\"@type\":\"Organization\",\"@id\":\"https:\/\/www.intelmais.com\/#organization\",\"name\":\"IntelMais\",\"url\":\"https:\/\/www.intelmais.com\/\",\"logo\":{\"@type\":\"ImageObject\",\"inLanguage\":\"pt-BR\",\"@id\":\"https:\/\/www.intelmais.com\/#\/schema\/logo\/image\/\",\"url\":\"https:\/\/www.intelmais.com\/wp-content\/uploads\/2022\/03\/LogoHorizontalColor250x55.png\",\"contentUrl\":\"https:\/\/www.intelmais.com\/wp-content\/uploads\/2022\/03\/LogoHorizontalColor250x55.png\",\"width\":250,\"height\":63,\"caption\":\"IntelMais\"},\"image\":{\"@id\":\"https:\/\/www.intelmais.com\/#\/schema\/logo\/image\/\"},\"sameAs\":[\"https:\/\/www.facebook.com\/intelmaiscallcenter\",\"https:\/\/www.instagram.com\/intelmais.callcenter\/\"]}]}<\/script>\n<!-- \/ Yoast SEO plugin. -->","yoast_head_json":{"title":"Home - IntelMais","description":"Servi\u00e7os de Callcenter IntelMais - Cobran\u00e7a","robots":{"index":"index","follow":"follow","max-snippet":"max-snippet:-1","max-image-preview":"max-image-preview:large","max-video-preview":"max-video-preview:-1"},"canonical":"https:\/\/www.intelmais.com\/","og_locale":"pt_BR","og_type":"article","og_title":"Home - IntelMais","og_description":"Servi\u00e7os de Callcenter IntelMais - Cobran\u00e7a","og_url":"https:\/\/www.intelmais.com\/","og_site_name":"IntelMais","article_publisher":"https:\/\/www.facebook.com\/intelmaiscallcenter","article_modified_time":"2026-03-28T19:40:43+00:00","twitter_card":"summary_large_image","twitter_misc":{"Est. tempo de leitura":"1 minuto"},"schema":{"@context":"https:\/\/schema.org","@graph":[{"@type":"WebPage","@id":"https:\/\/www.intelmais.com\/","url":"https:\/\/www.intelmais.com\/","name":"Home - IntelMais","isPartOf":{"@id":"https:\/\/www.intelmais.com\/#website"},"datePublished":"2014-04-14T08:03:08+00:00","dateModified":"2026-03-28T19:40:43+00:00","description":"Servi\u00e7os de Callcenter IntelMais - Cobran\u00e7a","breadcrumb":{"@id":"https:\/\/www.intelmais.com\/#breadcrumb"},"inLanguage":"pt-BR","potentialAction":[{"@type":"ReadAction","target":["https:\/\/www.intelmais.com\/"]}]},{"@type":"BreadcrumbList","@id":"https:\/\/www.intelmais.com\/#breadcrumb","itemListElement":[{"@type":"ListItem","position":1,"name":"In\u00edcio","item":"https:\/\/www.intelmais.com\/"},{"@type":"ListItem","position":2,"name":"Home"}]},{"@type":"WebSite","@id":"https:\/\/www.intelmais.com\/#website","url":"https:\/\/www.intelmais.com\/","name":"IntelMais","description":"Servi\u00e7os de Callcenter","publisher":{"@id":"https:\/\/www.intelmais.com\/#organization"},"potentialAction":[{"@type":"SearchAction","target":{"@type":"EntryPoint","urlTemplate":"https:\/\/www.intelmais.com\/?s={search_term_string}"},"query-input":{"@type":"PropertyValueSpecification","valueRequired":true,"valueName":"search_term_string"}}],"inLanguage":"pt-BR"},{"@type":"Organization","@id":"https:\/\/www.intelmais.com\/#organization","name":"IntelMais","url":"https:\/\/www.intelmais.com\/","logo":{"@type":"ImageObject","inLanguage":"pt-BR","@id":"https:\/\/www.intelmais.com\/#\/schema\/logo\/image\/","url":"https:\/\/www.intelmais.com\/wp-content\/uploads\/2022\/03\/LogoHorizontalColor250x55.png","contentUrl":"https:\/\/www.intelmais.com\/wp-content\/uploads\/2022\/03\/LogoHorizontalColor250x55.png","width":250,"height":63,"caption":"IntelMais"},"image":{"@id":"https:\/\/www.intelmais.com\/#\/schema\/logo\/image\/"},"sameAs":["https:\/\/www.facebook.com\/intelmaiscallcenter","https:\/\/www.instagram.com\/intelmais.callcenter\/"]}]}},"_links":{"self":[{"href":"https:\/\/www.intelmais.com\/index.php?rest_route=\/wp\/v2\/pages\/510","targetHints":{"allow":["GET"]}}],"collection":[{"href":"https:\/\/www.intelmais.com\/index.php?rest_route=\/wp\/v2\/pages"}],"about":[{"href":"https:\/\/www.intelmais.com\/index.php?rest_route=\/wp\/v2\/types\/page"}],"author":[{"embeddable":true,"href":"https:\/\/www.intelmais.com\/index.php?rest_route=\/wp\/v2\/users\/11"}],"replies":[{"embeddable":true,"href":"https:\/\/www.intelmais.com\/index.php?rest_route=%2Fwp%2Fv2%2Fcomments&post=510"}],"version-history":[{"count":292,"href":"https:\/\/www.intelmais.com\/index.php?rest_route=\/wp\/v2\/pages\/510\/revisions"}],"predecessor-version":[{"id":3180,"href":"https:\/\/www.intelmais.com\/index.php?rest_route=\/wp\/v2\/pages\/510\/revisions\/3180"}],"wp:attachment":[{"href":"https:\/\/www.intelmais.com\/index.php?rest_route=%2Fwp%2Fv2%2Fmedia&parent=510"}],"curies":[{"name":"wp","href":"https:\/\/api.w.org\/{rel}","templated":true}]}}