{"id":3105,"date":"2025-06-02T07:32:42","date_gmt":"2025-06-02T10:32:42","guid":{"rendered":"https:\/\/www.intelmais.com\/?page_id=3105"},"modified":"2026-03-28T16:10:38","modified_gmt":"2026-03-28T19:10:38","slug":"rascunho-automatico-3-2","status":"publish","type":"page","link":"https:\/\/www.intelmais.com\/?page_id=3105","title":{"rendered":""},"content":{"rendered":"<div class=\"vce-row-container\" data-vce-boxed-width=\"true\"><div class=\"vce-row vce-row--col-gap-30 vce-row-equal-height vce-row-content--top\" id=\"el-420562dd\" data-vce-do-apply=\"all el-420562dd\"><div class=\"vce-row-content\" data-vce-element-content=\"true\"><div class=\"vce-col vce-col--md-auto vce-col--xs-1 vce-col--xs-last vce-col--xs-first vce-col--sm-last vce-col--sm-first vce-col--md-last vce-col--lg-last vce-col--xl-last vce-col--md-first vce-col--lg-first vce-col--xl-first\" id=\"el-fcbb7ada\"><div class=\"vce-col-inner\" data-vce-do-apply=\"border margin background  el-fcbb7ada\"><div class=\"vce-col-content\" data-vce-element-content=\"true\" data-vce-do-apply=\"padding el-fcbb7ada\"><div class=\"vce-text-block\"><div class=\"vce-text-block-wrapper vce\" id=\"el-b4061adb\" data-vce-do-apply=\"all el-b4061adb\"><div class=\"vce-row-container\" data-vce-boxed-width=\"true\"><div id=\"el-1c6ee825\" class=\"vce-row vce-row--col-gap-30 vce-row-equal-height vce-row-content--top\" data-vce-do-apply=\"all el-1c6ee825\"><div class=\"vce-row-content\" data-vce-element-content=\"true\"><p><\/p><div id=\"el-6948059f\" class=\"vce-col vce-col--md-auto vce-col--xs-1 vce-col--xs-last vce-col--xs-first vce-col--sm-last vce-col--sm-first vce-col--md-last vce-col--lg-last vce-col--xl-last vce-col--md-first vce-col--lg-first vce-col--xl-first\"><div class=\"vce-col-inner\" data-vce-do-apply=\"border margin background el-6948059f\"><div class=\"vce-col-content\" data-vce-element-content=\"true\" data-vce-do-apply=\"padding el-6948059f\"><p><\/p><div class=\"vce-text-block\"><div id=\"el-cb031955\" class=\"vce-text-block-wrapper vce\" data-vce-do-apply=\"all el-cb031955\"><h2 style=\"text-align: center;\"><span style=\"color: #16c79a; font-size: 16pt;\">Tudo bem contigo?<\/span><\/h2><p style=\"text-align: center;\"><span style=\"color: #003300;\">Aqui disponibilizamos os canais de contato para seu atendimento:<\/span><\/p><figure id=\"attachment_2936\" aria-describedby=\"caption-attachment-2936\" style=\"width: 64px\" class=\"wp-caption aligncenter\"><a href=\"https:\/\/omne.link\/cfDsmq\"><img loading=\"lazy\" decoding=\"async\" class=\"wp-image-2936 size-full\" src=\"https:\/\/www.intelmais.com\/wp-content\/uploads\/2023\/11\/chat_icon_1-1.png\" alt=\"Chat Digital\" width=\"64\" height=\"64\"><\/a><figcaption id=\"caption-attachment-2936\" class=\"wp-caption-text\">Canal Digital Intelmais<\/figcaption><\/figure><\/div><\/div><p><\/p><div id=\"el-13482069\" class=\"vce vce-separator-container vce-separator--align-center vce-separator--style-dashed\" data-vce-do-apply=\"margin el-13482069\"><div class=\"vce-separator vce-separator--color-bfc0c1 vce-separator--width-85 vce-separator--thickness-1\" data-vce-do-apply=\"border padding background el-13482069\">&nbsp;<\/div><\/div><p><\/p><div class=\"vce-text-block\"><div id=\"el-42e66153\" class=\"vce-text-block-wrapper vce\" data-vce-do-apply=\"all el-42e66153\"><p style=\"text-align: center;\">A IntelMais Servi\u00e7os de Callcenter \u00e9 representante das <strong>Faculdades Anhanguera, Pit\u00e1goras, Unic, Uniderp, Unime, Unopar e demais.<\/strong><\/p><p style=\"text-align: center;\">Entre em contato com nossos agentes selecionando o \u00edcone no canto inferior direito ou <span style=\"color: #993366;\"><a style=\"color: #993366;\" href=\"https:\/\/omne.link\/cfDsmq\" target=\"_blank\" rel=\"noopener\">Clique Aqui!&nbsp;<\/a><\/span><\/p><p style=\"text-align: center;\">&nbsp;<\/p><\/div><\/div><p><\/p><\/div><\/div><\/div><p><\/p><\/div><\/div><\/div><p><!--vcv no format--><\/p><\/div><\/div><\/div><\/div><\/div><\/div><\/div><\/div>\n","protected":false},"excerpt":{"rendered":"<p>Tudo bem contigo?Aqui disponibilizamos os canais de contato para seu atendimento:&nbsp;A IntelMais Servi\u00e7os de Callcenter \u00e9 representante das Faculdades Anhanguera, Pit\u00e1goras, Unic, Uniderp, Unime, Unopar e demais.Entre em contato com nossos agentes selecionando o \u00edcone no canto inferior direito ou Clique Aqui!&nbsp;&nbsp;<\/p>\n","protected":false},"author":11,"featured_media":2209,"parent":0,"menu_order":0,"comment_status":"closed","ping_status":"closed","template":"","meta":{"neve_meta_sidebar":"","neve_meta_container":"","neve_meta_enable_content_width":"off","neve_meta_content_width":100,"neve_meta_title_alignment":"","neve_meta_author_avatar":"","neve_post_elements_order":"","neve_meta_disable_header":"","neve_meta_disable_footer":"","neve_meta_disable_title":"","footnotes":""},"class_list":["post-3105","page","type-page","status-publish","has-post-thumbnail","hentry"],"yoast_head":"<!-- This site is optimized with the Yoast SEO plugin v27.2 - https:\/\/yoast.com\/product\/yoast-seo-wordpress\/ -->\n<title>Educacional Alunos Ativos - IntelMais<\/title>\n<meta name=\"robots\" content=\"index, follow, max-snippet:-1, max-image-preview:large, max-video-preview:-1\" \/>\n<link rel=\"canonical\" href=\"https:\/\/www.intelmais.com\/?page_id=3105\" \/>\n<meta property=\"og:locale\" content=\"pt_BR\" \/>\n<meta property=\"og:type\" content=\"article\" \/>\n<meta property=\"og:title\" content=\"Educacional Alunos Ativos - IntelMais\" \/>\n<meta property=\"og:description\" content=\"Tudo bem contigo?Aqui disponibilizamos os canais de contato para seu atendimento:&nbsp;A IntelMais Servi\u00e7os de Callcenter \u00e9 representante das Faculdades Anhanguera, Pit\u00e1goras, Unic, Uniderp, Unime, Unopar e demais.Entre em contato com nossos agentes selecionando o \u00edcone no canto inferior direito ou Clique Aqui!&nbsp;&nbsp;\" \/>\n<meta property=\"og:url\" content=\"https:\/\/www.intelmais.com\/?page_id=3105\" \/>\n<meta property=\"og:site_name\" content=\"IntelMais\" \/>\n<meta property=\"article:publisher\" content=\"https:\/\/www.facebook.com\/intelmaiscallcenter\" \/>\n<meta property=\"article:modified_time\" content=\"2026-03-28T19:10:38+00:00\" \/>\n<meta property=\"og:image\" content=\"https:\/\/www.intelmais.com\/wp-content\/uploads\/2016\/05\/header-31.jpg\" \/>\n\t<meta property=\"og:image:width\" content=\"1920\" \/>\n\t<meta property=\"og:image:height\" content=\"110\" \/>\n\t<meta property=\"og:image:type\" content=\"image\/jpeg\" \/>\n<meta name=\"twitter:card\" content=\"summary_large_image\" \/>\n<meta name=\"twitter:label1\" content=\"Est. tempo de leitura\" \/>\n\t<meta name=\"twitter:data1\" content=\"1 minuto\" \/>\n<script type=\"application\/ld+json\" class=\"yoast-schema-graph\">{\"@context\":\"https:\/\/schema.org\",\"@graph\":[{\"@type\":\"WebPage\",\"@id\":\"https:\/\/www.intelmais.com\/?page_id=3105\",\"url\":\"https:\/\/www.intelmais.com\/?page_id=3105\",\"name\":\"Educacional Alunos Ativos - IntelMais\",\"isPartOf\":{\"@id\":\"https:\/\/www.intelmais.com\/#website\"},\"primaryImageOfPage\":{\"@id\":\"https:\/\/www.intelmais.com\/?page_id=3105#primaryimage\"},\"image\":{\"@id\":\"https:\/\/www.intelmais.com\/?page_id=3105#primaryimage\"},\"thumbnailUrl\":\"https:\/\/www.intelmais.com\/wp-content\/uploads\/2016\/05\/header-31.jpg\",\"datePublished\":\"2025-06-02T10:32:42+00:00\",\"dateModified\":\"2026-03-28T19:10:38+00:00\",\"breadcrumb\":{\"@id\":\"https:\/\/www.intelmais.com\/?page_id=3105#breadcrumb\"},\"inLanguage\":\"pt-BR\",\"potentialAction\":[{\"@type\":\"ReadAction\",\"target\":[\"https:\/\/www.intelmais.com\/?page_id=3105\"]}]},{\"@type\":\"ImageObject\",\"inLanguage\":\"pt-BR\",\"@id\":\"https:\/\/www.intelmais.com\/?page_id=3105#primaryimage\",\"url\":\"https:\/\/www.intelmais.com\/wp-content\/uploads\/2016\/05\/header-31.jpg\",\"contentUrl\":\"https:\/\/www.intelmais.com\/wp-content\/uploads\/2016\/05\/header-31.jpg\",\"width\":1920,\"height\":110},{\"@type\":\"BreadcrumbList\",\"@id\":\"https:\/\/www.intelmais.com\/?page_id=3105#breadcrumb\",\"itemListElement\":[{\"@type\":\"ListItem\",\"position\":1,\"name\":\"In\u00edcio\",\"item\":\"https:\/\/www.intelmais.com\/\"},{\"@type\":\"ListItem\",\"position\":2,\"name\":\"Educacional Alunos Ativos\"}]},{\"@type\":\"WebSite\",\"@id\":\"https:\/\/www.intelmais.com\/#website\",\"url\":\"https:\/\/www.intelmais.com\/\",\"name\":\"IntelMais\",\"description\":\"Servi\u00e7os de Callcenter\",\"publisher\":{\"@id\":\"https:\/\/www.intelmais.com\/#organization\"},\"potentialAction\":[{\"@type\":\"SearchAction\",\"target\":{\"@type\":\"EntryPoint\",\"urlTemplate\":\"https:\/\/www.intelmais.com\/?s={search_term_string}\"},\"query-input\":{\"@type\":\"PropertyValueSpecification\",\"valueRequired\":true,\"valueName\":\"search_term_string\"}}],\"inLanguage\":\"pt-BR\"},{\"@type\":\"Organization\",\"@id\":\"https:\/\/www.intelmais.com\/#organization\",\"name\":\"IntelMais\",\"url\":\"https:\/\/www.intelmais.com\/\",\"logo\":{\"@type\":\"ImageObject\",\"inLanguage\":\"pt-BR\",\"@id\":\"https:\/\/www.intelmais.com\/#\/schema\/logo\/image\/\",\"url\":\"https:\/\/www.intelmais.com\/wp-content\/uploads\/2022\/03\/LogoHorizontalColor250x55.png\",\"contentUrl\":\"https:\/\/www.intelmais.com\/wp-content\/uploads\/2022\/03\/LogoHorizontalColor250x55.png\",\"width\":250,\"height\":63,\"caption\":\"IntelMais\"},\"image\":{\"@id\":\"https:\/\/www.intelmais.com\/#\/schema\/logo\/image\/\"},\"sameAs\":[\"https:\/\/www.facebook.com\/intelmaiscallcenter\",\"https:\/\/www.instagram.com\/intelmais.callcenter\/\"]}]}<\/script>\n<!-- \/ Yoast SEO plugin. -->","yoast_head_json":{"title":"Educacional Alunos Ativos - IntelMais","robots":{"index":"index","follow":"follow","max-snippet":"max-snippet:-1","max-image-preview":"max-image-preview:large","max-video-preview":"max-video-preview:-1"},"canonical":"https:\/\/www.intelmais.com\/?page_id=3105","og_locale":"pt_BR","og_type":"article","og_title":"Educacional Alunos Ativos - IntelMais","og_description":"Tudo bem contigo?Aqui disponibilizamos os canais de contato para seu atendimento:&nbsp;A IntelMais Servi\u00e7os de Callcenter \u00e9 representante das Faculdades Anhanguera, Pit\u00e1goras, Unic, Uniderp, Unime, Unopar e demais.Entre em contato com nossos agentes selecionando o \u00edcone no canto inferior direito ou Clique Aqui!&nbsp;&nbsp;","og_url":"https:\/\/www.intelmais.com\/?page_id=3105","og_site_name":"IntelMais","article_publisher":"https:\/\/www.facebook.com\/intelmaiscallcenter","article_modified_time":"2026-03-28T19:10:38+00:00","og_image":[{"width":1920,"height":110,"url":"https:\/\/www.intelmais.com\/wp-content\/uploads\/2016\/05\/header-31.jpg","type":"image\/jpeg"}],"twitter_card":"summary_large_image","twitter_misc":{"Est. tempo de leitura":"1 minuto"},"schema":{"@context":"https:\/\/schema.org","@graph":[{"@type":"WebPage","@id":"https:\/\/www.intelmais.com\/?page_id=3105","url":"https:\/\/www.intelmais.com\/?page_id=3105","name":"Educacional Alunos Ativos - IntelMais","isPartOf":{"@id":"https:\/\/www.intelmais.com\/#website"},"primaryImageOfPage":{"@id":"https:\/\/www.intelmais.com\/?page_id=3105#primaryimage"},"image":{"@id":"https:\/\/www.intelmais.com\/?page_id=3105#primaryimage"},"thumbnailUrl":"https:\/\/www.intelmais.com\/wp-content\/uploads\/2016\/05\/header-31.jpg","datePublished":"2025-06-02T10:32:42+00:00","dateModified":"2026-03-28T19:10:38+00:00","breadcrumb":{"@id":"https:\/\/www.intelmais.com\/?page_id=3105#breadcrumb"},"inLanguage":"pt-BR","potentialAction":[{"@type":"ReadAction","target":["https:\/\/www.intelmais.com\/?page_id=3105"]}]},{"@type":"ImageObject","inLanguage":"pt-BR","@id":"https:\/\/www.intelmais.com\/?page_id=3105#primaryimage","url":"https:\/\/www.intelmais.com\/wp-content\/uploads\/2016\/05\/header-31.jpg","contentUrl":"https:\/\/www.intelmais.com\/wp-content\/uploads\/2016\/05\/header-31.jpg","width":1920,"height":110},{"@type":"BreadcrumbList","@id":"https:\/\/www.intelmais.com\/?page_id=3105#breadcrumb","itemListElement":[{"@type":"ListItem","position":1,"name":"In\u00edcio","item":"https:\/\/www.intelmais.com\/"},{"@type":"ListItem","position":2,"name":"Educacional Alunos Ativos"}]},{"@type":"WebSite","@id":"https:\/\/www.intelmais.com\/#website","url":"https:\/\/www.intelmais.com\/","name":"IntelMais","description":"Servi\u00e7os de Callcenter","publisher":{"@id":"https:\/\/www.intelmais.com\/#organization"},"potentialAction":[{"@type":"SearchAction","target":{"@type":"EntryPoint","urlTemplate":"https:\/\/www.intelmais.com\/?s={search_term_string}"},"query-input":{"@type":"PropertyValueSpecification","valueRequired":true,"valueName":"search_term_string"}}],"inLanguage":"pt-BR"},{"@type":"Organization","@id":"https:\/\/www.intelmais.com\/#organization","name":"IntelMais","url":"https:\/\/www.intelmais.com\/","logo":{"@type":"ImageObject","inLanguage":"pt-BR","@id":"https:\/\/www.intelmais.com\/#\/schema\/logo\/image\/","url":"https:\/\/www.intelmais.com\/wp-content\/uploads\/2022\/03\/LogoHorizontalColor250x55.png","contentUrl":"https:\/\/www.intelmais.com\/wp-content\/uploads\/2022\/03\/LogoHorizontalColor250x55.png","width":250,"height":63,"caption":"IntelMais"},"image":{"@id":"https:\/\/www.intelmais.com\/#\/schema\/logo\/image\/"},"sameAs":["https:\/\/www.facebook.com\/intelmaiscallcenter","https:\/\/www.instagram.com\/intelmais.callcenter\/"]}]}},"_links":{"self":[{"href":"https:\/\/www.intelmais.com\/index.php?rest_route=\/wp\/v2\/pages\/3105","targetHints":{"allow":["GET"]}}],"collection":[{"href":"https:\/\/www.intelmais.com\/index.php?rest_route=\/wp\/v2\/pages"}],"about":[{"href":"https:\/\/www.intelmais.com\/index.php?rest_route=\/wp\/v2\/types\/page"}],"author":[{"embeddable":true,"href":"https:\/\/www.intelmais.com\/index.php?rest_route=\/wp\/v2\/users\/11"}],"replies":[{"embeddable":true,"href":"https:\/\/www.intelmais.com\/index.php?rest_route=%2Fwp%2Fv2%2Fcomments&post=3105"}],"version-history":[{"count":6,"href":"https:\/\/www.intelmais.com\/index.php?rest_route=\/wp\/v2\/pages\/3105\/revisions"}],"predecessor-version":[{"id":3174,"href":"https:\/\/www.intelmais.com\/index.php?rest_route=\/wp\/v2\/pages\/3105\/revisions\/3174"}],"wp:featuredmedia":[{"embeddable":true,"href":"https:\/\/www.intelmais.com\/index.php?rest_route=\/wp\/v2\/media\/2209"}],"wp:attachment":[{"href":"https:\/\/www.intelmais.com\/index.php?rest_route=%2Fwp%2Fv2%2Fmedia&parent=3105"}],"curies":[{"name":"wp","href":"https:\/\/api.w.org\/{rel}","templated":true}]}}