{"id":2697,"date":"2022-03-12T10:09:15","date_gmt":"2022-03-12T13:09:15","guid":{"rendered":"https:\/\/www.intelserv.com.br\/?page_id=2697"},"modified":"2025-03-27T11:45:26","modified_gmt":"2025-03-27T14:45:26","slug":"rascunho-automatico-2-3","status":"publish","type":"page","link":"https:\/\/www.intelmais.com\/?page_id=2697","title":{"rendered":""},"content":{"rendered":"<div class=\"vce-row-container\" data-vce-boxed-width=\"true\"><div class=\"vce-row vce-row--col-gap-30 vce-row-equal-height vce-row-content--top\" id=\"el-92911b11\" data-vce-do-apply=\"all el-92911b11\"><div class=\"vce-row-content\" data-vce-element-content=\"true\"><div class=\"vce-col vce-col--md-auto vce-col--xs-1 vce-col--xs-last vce-col--xs-first vce-col--sm-last vce-col--sm-first vce-col--md-last vce-col--lg-last vce-col--xl-last vce-col--md-first vce-col--lg-first vce-col--xl-first\" id=\"el-2e566424\"><div class=\"vce-col-inner\" data-vce-do-apply=\"border margin background  el-2e566424\"><div class=\"vce-col-content\" data-vce-element-content=\"true\" data-vce-do-apply=\"padding el-2e566424\"><div class=\"vce-single-image-container vce-single-image--align-center\"><div class=\"vce vce-single-image-wrapper\" id=\"el-05158629\" data-vce-do-apply=\"all el-05158629\"><figure><div class=\"vce-single-image-figure-inner\" style=\"width: 138px;\"><div class=\"vce-single-image-inner vce-single-image--absolute\" style=\"width: 100%; padding-bottom: 25.3623%;\"><img loading=\"lazy\" decoding=\"async\" class=\"vce-single-image\"  width=\"138\" height=\"35\" srcset=\"https:\/\/www.intelmais.com\/wp-content\/uploads\/2025\/03\/Liftcred-138x35.png 138w\" src=\"https:\/\/www.intelmais.com\/wp-content\/uploads\/2025\/03\/Liftcred-138x35.png\" data-img-src=\"https:\/\/www.intelmais.com\/wp-content\/uploads\/2022\/03\/Liftcred.png\" data-attachment-id=\"2700\"  alt=\"\" title=\"Liftcred\" \/><\/div><\/div><figcaption hidden=\"\"><\/figcaption><\/figure><\/div><\/div><div class=\"vce-single-image-container vce-single-image--align-center\"><div class=\"vce vce-single-image-wrapper\" id=\"el-b12108ae\" data-vce-do-apply=\"all el-b12108ae\"><figure><div class=\"vce-single-image-figure-inner\" style=\"width: 64px;\"><a href=\"https:\/\/omne.link\/eAcgJR\" title=\"Canal Digital\" target=\"_blank\" class=\"vce-single-image-inner vce-single-image--absolute vce-single-image--border-round\" style=\"padding-bottom: 100%; width: 100%;\"><img loading=\"lazy\" decoding=\"async\" class=\"vce-single-image\"  width=\"64\" height=\"64\" srcset=\"https:\/\/www.intelmais.com\/wp-content\/uploads\/2025\/03\/chat_icon_1-1-64x64.png 64w\" src=\"https:\/\/www.intelmais.com\/wp-content\/uploads\/2025\/03\/chat_icon_1-1-64x64.png\" data-img-src=\"https:\/\/www.intelmais.com\/wp-content\/uploads\/2023\/11\/chat_icon_1-1.png\" data-attachment-id=\"2936\"  alt=\"Chat Digital\" title=\"chat_icon_1\" \/><\/a><\/div><figcaption>Canal Digital Intelmais<\/figcaption><\/figure><\/div><\/div><div class=\"vce-text-block\"><div class=\"vce-text-block-wrapper vce\" id=\"el-872aa2b2\" data-vce-do-apply=\"all el-872aa2b2\"><!--vcv no format-->\n<div class=\"vce-row-container\" data-vce-boxed-width=\"true\">\n<div id=\"el-3ebad5a1\" class=\"vce-row vce-row--col-gap-30 vce-row-equal-height vce-row-content--top\" data-vce-do-apply=\"all el-3ebad5a1\">\n<div class=\"vce-row-content\" data-vce-element-content=\"true\">\n<div id=\"el-da97f4e4\" class=\"vce-col vce-col--md-auto vce-col--xs-1 vce-col--xs-last vce-col--xs-first vce-col--sm-last vce-col--sm-first vce-col--md-last vce-col--lg-last vce-col--xl-last vce-col--md-first vce-col--lg-first vce-col--xl-first\">\n<div class=\"vce-col-inner\" data-vce-do-apply=\"border margin background  el-da97f4e4\">\n<div class=\"vce-col-content\" data-vce-element-content=\"true\" data-vce-do-apply=\"padding el-da97f4e4\">\n<div>&nbsp;<\/div>\n<\/div>\n<\/div>\n<\/div>\n<\/div>\n<\/div>\n<\/div>\n\n<div class=\"vce-row-container\" data-vce-boxed-width=\"true\">\n<div id=\"el-92b735f9\" class=\"vce-row vce-row--col-gap-30 vce-row-equal-height vce-row-content--top\" data-vce-do-apply=\"all el-92b735f9\">\n<div class=\"vce-row-content\" data-vce-element-content=\"true\">\n<div id=\"el-bd1f40aa\" class=\"vce-col vce-col--md-auto vce-col--xs-1 vce-col--xs-last vce-col--xs-first vce-col--sm-last vce-col--sm-first vce-col--md-last vce-col--lg-last vce-col--xl-last vce-col--md-first vce-col--lg-first vce-col--xl-first\">\n<div class=\"vce-col-inner\" data-vce-do-apply=\"border margin background  el-bd1f40aa\">\n<div class=\"vce-col-content\" data-vce-element-content=\"true\" data-vce-do-apply=\"padding el-bd1f40aa\">\n<div class=\"vce-text-block\">\n<div id=\"el-839f4f20\" class=\"vce-text-block-wrapper vce\" data-vce-do-apply=\"all el-839f4f20\">\n<h2 style=\"text-align: center;\"><span style=\"color: #16c79a;\">Tudo bem contigo?<\/span><\/h2>\n<p style=\"text-align: center;\">A IntelMais Servi\u00e7os de Callcenter \u00e9 representante da <strong>Liftcred Securitizadora<\/strong>.<\/p>\n<p style=\"text-align: center;\">Ao selecionar o \u00edcone no conta inferior direito, ser\u00e3o abertas as op\u00e7\u00f5es de contato digital ou <a href=\"https:\/\/omne.link\/eAcgJR\">clique aqui<\/a>.<strong>&nbsp;<\/strong><\/p>\n<p style=\"text-align: center;\">&nbsp;<\/p>\n<\/div>\n<\/div>\n<\/div>\n<\/div>\n<\/div>\n<!-- \/wp:vcwb-view-page-render-element\/el-column-bd1f40aa {\"id\":\"bd1f40aa\",\"tag\":\"column\"} --><\/div>\n<\/div>\n<\/div>\n<!-- \/wp:vcwb-view-page-render-element\/el-row-92b735f9 {\"id\":\"92b735f9\",\"tag\":\"row\"} --><!--vcv no format--><\/div><\/div><\/div><\/div><\/div><\/div><\/div><\/div>","protected":false},"excerpt":{"rendered":"<p>Canal Digital Intelmais<\/p>\n","protected":false},"author":11,"featured_media":2209,"parent":0,"menu_order":0,"comment_status":"closed","ping_status":"closed","template":"","meta":{"neve_meta_sidebar":"","neve_meta_container":"","neve_meta_enable_content_width":"","neve_meta_content_width":0,"neve_meta_title_alignment":"","neve_meta_author_avatar":"","neve_post_elements_order":"","neve_meta_disable_header":"","neve_meta_disable_footer":"","neve_meta_disable_title":"","footnotes":""},"class_list":["post-2697","page","type-page","status-publish","has-post-thumbnail","hentry"],"yoast_head":"<!-- This site is optimized with the Yoast SEO plugin v27.2 - https:\/\/yoast.com\/product\/yoast-seo-wordpress\/ -->\n<title>LiftCred - IntelMais<\/title>\n<meta name=\"robots\" content=\"index, follow, max-snippet:-1, max-image-preview:large, max-video-preview:-1\" \/>\n<link rel=\"canonical\" href=\"https:\/\/www.intelmais.com\/?page_id=2697\" \/>\n<meta property=\"og:locale\" content=\"pt_BR\" \/>\n<meta property=\"og:type\" content=\"article\" \/>\n<meta property=\"og:title\" content=\"LiftCred - IntelMais\" \/>\n<meta property=\"og:description\" content=\"Canal Digital Intelmais\" \/>\n<meta property=\"og:url\" content=\"https:\/\/www.intelmais.com\/?page_id=2697\" \/>\n<meta property=\"og:site_name\" content=\"IntelMais\" \/>\n<meta property=\"article:publisher\" content=\"https:\/\/www.facebook.com\/intelmaiscallcenter\" \/>\n<meta property=\"article:modified_time\" content=\"2025-03-27T14:45:26+00:00\" \/>\n<meta property=\"og:image\" content=\"https:\/\/www.intelmais.com\/wp-content\/uploads\/2016\/05\/header-31.jpg\" \/>\n\t<meta property=\"og:image:width\" content=\"1920\" \/>\n\t<meta property=\"og:image:height\" content=\"110\" \/>\n\t<meta property=\"og:image:type\" content=\"image\/jpeg\" \/>\n<meta name=\"twitter:card\" content=\"summary_large_image\" \/>\n<script type=\"application\/ld+json\" class=\"yoast-schema-graph\">{\"@context\":\"https:\/\/schema.org\",\"@graph\":[{\"@type\":\"WebPage\",\"@id\":\"https:\/\/www.intelmais.com\/?page_id=2697\",\"url\":\"https:\/\/www.intelmais.com\/?page_id=2697\",\"name\":\"LiftCred - IntelMais\",\"isPartOf\":{\"@id\":\"https:\/\/www.intelmais.com\/#website\"},\"primaryImageOfPage\":{\"@id\":\"https:\/\/www.intelmais.com\/?page_id=2697#primaryimage\"},\"image\":{\"@id\":\"https:\/\/www.intelmais.com\/?page_id=2697#primaryimage\"},\"thumbnailUrl\":\"https:\/\/www.intelmais.com\/wp-content\/uploads\/2016\/05\/header-31.jpg\",\"datePublished\":\"2022-03-12T13:09:15+00:00\",\"dateModified\":\"2025-03-27T14:45:26+00:00\",\"breadcrumb\":{\"@id\":\"https:\/\/www.intelmais.com\/?page_id=2697#breadcrumb\"},\"inLanguage\":\"pt-BR\",\"potentialAction\":[{\"@type\":\"ReadAction\",\"target\":[\"https:\/\/www.intelmais.com\/?page_id=2697\"]}]},{\"@type\":\"ImageObject\",\"inLanguage\":\"pt-BR\",\"@id\":\"https:\/\/www.intelmais.com\/?page_id=2697#primaryimage\",\"url\":\"https:\/\/www.intelmais.com\/wp-content\/uploads\/2016\/05\/header-31.jpg\",\"contentUrl\":\"https:\/\/www.intelmais.com\/wp-content\/uploads\/2016\/05\/header-31.jpg\",\"width\":1920,\"height\":110},{\"@type\":\"BreadcrumbList\",\"@id\":\"https:\/\/www.intelmais.com\/?page_id=2697#breadcrumb\",\"itemListElement\":[{\"@type\":\"ListItem\",\"position\":1,\"name\":\"In\u00edcio\",\"item\":\"https:\/\/www.intelmais.com\/\"},{\"@type\":\"ListItem\",\"position\":2,\"name\":\"LiftCred\"}]},{\"@type\":\"WebSite\",\"@id\":\"https:\/\/www.intelmais.com\/#website\",\"url\":\"https:\/\/www.intelmais.com\/\",\"name\":\"IntelMais\",\"description\":\"Servi\u00e7os de Callcenter\",\"publisher\":{\"@id\":\"https:\/\/www.intelmais.com\/#organization\"},\"potentialAction\":[{\"@type\":\"SearchAction\",\"target\":{\"@type\":\"EntryPoint\",\"urlTemplate\":\"https:\/\/www.intelmais.com\/?s={search_term_string}\"},\"query-input\":{\"@type\":\"PropertyValueSpecification\",\"valueRequired\":true,\"valueName\":\"search_term_string\"}}],\"inLanguage\":\"pt-BR\"},{\"@type\":\"Organization\",\"@id\":\"https:\/\/www.intelmais.com\/#organization\",\"name\":\"IntelMais\",\"url\":\"https:\/\/www.intelmais.com\/\",\"logo\":{\"@type\":\"ImageObject\",\"inLanguage\":\"pt-BR\",\"@id\":\"https:\/\/www.intelmais.com\/#\/schema\/logo\/image\/\",\"url\":\"https:\/\/www.intelmais.com\/wp-content\/uploads\/2022\/03\/LogoHorizontalColor250x55.png\",\"contentUrl\":\"https:\/\/www.intelmais.com\/wp-content\/uploads\/2022\/03\/LogoHorizontalColor250x55.png\",\"width\":250,\"height\":63,\"caption\":\"IntelMais\"},\"image\":{\"@id\":\"https:\/\/www.intelmais.com\/#\/schema\/logo\/image\/\"},\"sameAs\":[\"https:\/\/www.facebook.com\/intelmaiscallcenter\",\"https:\/\/www.instagram.com\/intelmais.callcenter\/\"]}]}<\/script>\n<!-- \/ Yoast SEO plugin. -->","yoast_head_json":{"title":"LiftCred - IntelMais","robots":{"index":"index","follow":"follow","max-snippet":"max-snippet:-1","max-image-preview":"max-image-preview:large","max-video-preview":"max-video-preview:-1"},"canonical":"https:\/\/www.intelmais.com\/?page_id=2697","og_locale":"pt_BR","og_type":"article","og_title":"LiftCred - IntelMais","og_description":"Canal Digital Intelmais","og_url":"https:\/\/www.intelmais.com\/?page_id=2697","og_site_name":"IntelMais","article_publisher":"https:\/\/www.facebook.com\/intelmaiscallcenter","article_modified_time":"2025-03-27T14:45:26+00:00","og_image":[{"width":1920,"height":110,"url":"https:\/\/www.intelmais.com\/wp-content\/uploads\/2016\/05\/header-31.jpg","type":"image\/jpeg"}],"twitter_card":"summary_large_image","schema":{"@context":"https:\/\/schema.org","@graph":[{"@type":"WebPage","@id":"https:\/\/www.intelmais.com\/?page_id=2697","url":"https:\/\/www.intelmais.com\/?page_id=2697","name":"LiftCred - IntelMais","isPartOf":{"@id":"https:\/\/www.intelmais.com\/#website"},"primaryImageOfPage":{"@id":"https:\/\/www.intelmais.com\/?page_id=2697#primaryimage"},"image":{"@id":"https:\/\/www.intelmais.com\/?page_id=2697#primaryimage"},"thumbnailUrl":"https:\/\/www.intelmais.com\/wp-content\/uploads\/2016\/05\/header-31.jpg","datePublished":"2022-03-12T13:09:15+00:00","dateModified":"2025-03-27T14:45:26+00:00","breadcrumb":{"@id":"https:\/\/www.intelmais.com\/?page_id=2697#breadcrumb"},"inLanguage":"pt-BR","potentialAction":[{"@type":"ReadAction","target":["https:\/\/www.intelmais.com\/?page_id=2697"]}]},{"@type":"ImageObject","inLanguage":"pt-BR","@id":"https:\/\/www.intelmais.com\/?page_id=2697#primaryimage","url":"https:\/\/www.intelmais.com\/wp-content\/uploads\/2016\/05\/header-31.jpg","contentUrl":"https:\/\/www.intelmais.com\/wp-content\/uploads\/2016\/05\/header-31.jpg","width":1920,"height":110},{"@type":"BreadcrumbList","@id":"https:\/\/www.intelmais.com\/?page_id=2697#breadcrumb","itemListElement":[{"@type":"ListItem","position":1,"name":"In\u00edcio","item":"https:\/\/www.intelmais.com\/"},{"@type":"ListItem","position":2,"name":"LiftCred"}]},{"@type":"WebSite","@id":"https:\/\/www.intelmais.com\/#website","url":"https:\/\/www.intelmais.com\/","name":"IntelMais","description":"Servi\u00e7os de Callcenter","publisher":{"@id":"https:\/\/www.intelmais.com\/#organization"},"potentialAction":[{"@type":"SearchAction","target":{"@type":"EntryPoint","urlTemplate":"https:\/\/www.intelmais.com\/?s={search_term_string}"},"query-input":{"@type":"PropertyValueSpecification","valueRequired":true,"valueName":"search_term_string"}}],"inLanguage":"pt-BR"},{"@type":"Organization","@id":"https:\/\/www.intelmais.com\/#organization","name":"IntelMais","url":"https:\/\/www.intelmais.com\/","logo":{"@type":"ImageObject","inLanguage":"pt-BR","@id":"https:\/\/www.intelmais.com\/#\/schema\/logo\/image\/","url":"https:\/\/www.intelmais.com\/wp-content\/uploads\/2022\/03\/LogoHorizontalColor250x55.png","contentUrl":"https:\/\/www.intelmais.com\/wp-content\/uploads\/2022\/03\/LogoHorizontalColor250x55.png","width":250,"height":63,"caption":"IntelMais"},"image":{"@id":"https:\/\/www.intelmais.com\/#\/schema\/logo\/image\/"},"sameAs":["https:\/\/www.facebook.com\/intelmaiscallcenter","https:\/\/www.instagram.com\/intelmais.callcenter\/"]}]}},"_links":{"self":[{"href":"https:\/\/www.intelmais.com\/index.php?rest_route=\/wp\/v2\/pages\/2697","targetHints":{"allow":["GET"]}}],"collection":[{"href":"https:\/\/www.intelmais.com\/index.php?rest_route=\/wp\/v2\/pages"}],"about":[{"href":"https:\/\/www.intelmais.com\/index.php?rest_route=\/wp\/v2\/types\/page"}],"author":[{"embeddable":true,"href":"https:\/\/www.intelmais.com\/index.php?rest_route=\/wp\/v2\/users\/11"}],"replies":[{"embeddable":true,"href":"https:\/\/www.intelmais.com\/index.php?rest_route=%2Fwp%2Fv2%2Fcomments&post=2697"}],"version-history":[{"count":15,"href":"https:\/\/www.intelmais.com\/index.php?rest_route=\/wp\/v2\/pages\/2697\/revisions"}],"predecessor-version":[{"id":3098,"href":"https:\/\/www.intelmais.com\/index.php?rest_route=\/wp\/v2\/pages\/2697\/revisions\/3098"}],"wp:featuredmedia":[{"embeddable":true,"href":"https:\/\/www.intelmais.com\/index.php?rest_route=\/wp\/v2\/media\/2209"}],"wp:attachment":[{"href":"https:\/\/www.intelmais.com\/index.php?rest_route=%2Fwp%2Fv2%2Fmedia&parent=2697"}],"curies":[{"name":"wp","href":"https:\/\/api.w.org\/{rel}","templated":true}]}}