{"id":2301,"date":"2017-05-17T20:30:12","date_gmt":"2017-05-17T23:30:12","guid":{"rendered":"http:\/\/www.intelserv.com.br\/?page_id=2301"},"modified":"2026-03-30T16:50:13","modified_gmt":"2026-03-30T19:50:13","slug":"negocie","status":"publish","type":"page","link":"https:\/\/www.intelmais.com\/?page_id=2301","title":{"rendered":""},"content":{"rendered":"<div class=\"vce-row-container\" data-vce-boxed-width=\"true\"><div class=\"vce-row vce-row--col-gap-30 vce-row-equal-height vce-row-content--top\" id=\"el-8b65d60d\" data-vce-do-apply=\"all el-8b65d60d\"><div class=\"vce-row-content\" data-vce-element-content=\"true\"><div class=\"vce-col vce-col--md-auto vce-col--xs-1 vce-col--xs-last vce-col--xs-first vce-col--sm-last vce-col--sm-first vce-col--md-last vce-col--lg-last vce-col--xl-last vce-col--md-first vce-col--lg-first vce-col--xl-first\" id=\"el-721f1c79\"><div class=\"vce-col-inner\" data-vce-do-apply=\"border margin background  el-721f1c79\"><div class=\"vce-col-content\" data-vce-element-content=\"true\" data-vce-do-apply=\"padding el-721f1c79\"><div class=\"vce-text-block\"><div class=\"vce-text-block-wrapper vce\" id=\"el-dde261b8\" data-vce-do-apply=\"all el-dde261b8\"><h3>Atendimento ao Cliente<\/h3><p style=\"text-align: left;\"><span style=\"font-size: 12pt;\"> Selecione o cliente para continuidade no atendimento.<\/span><\/p><ul><li><a href=\"?page_id=3184\"><span style=\"color: #2ecda4;\"><strong>DataStock<\/strong><\/span> Atendimento ao cliente;<\/a><\/li><li><span style=\"color: #2ecda4;\"><strong><a style=\"color: #2ecda4;\" href=\"?page_id=2480\">Educacional: <\/a><\/strong><\/span><a href=\"?page_id=2480\">Faculdades Anhanguera, Fama, Pit\u00e1goras, Unic, Uniderp, Unime e Unopar ;<\/a><\/li><\/ul><ul><li><a href=\"?page_id=2532\"><span style=\"color: #2ecda4;\"><strong>Open Co:<\/strong><\/span> Biz Capital, Geru e Rebel Financeiras;<\/a><\/li><li><a href=\"?page_id=2697\"><span style=\"color: #2ecda4;\"><strong>Liftcred:<\/strong><\/span> Liftcred Securitizadora de Cr\u00e9dito.<\/a><\/li><\/ul><p style=\"text-align: left;\">Ao entrar na p\u00e1gina dedicada, seguir instru\u00e7\u00f5es para realizar contato com nossos agentes.<\/p><\/div><\/div><\/div><\/div><\/div><\/div><\/div><\/div>\n","protected":false},"excerpt":{"rendered":"<p>Atendimento ao Cliente Selecione o cliente para continuidade no atendimento.DataStock Atendimento ao cliente;Educacional: Faculdades Anhanguera, Fama, Pit\u00e1goras, Unic, Uniderp, Unime e Unopar ;Open Co: Biz Capital, Geru e Rebel Financeiras;Liftcred: Liftcred Securitizadora de Cr\u00e9dito.Ao entrar na p\u00e1gina dedicada, seguir instru\u00e7\u00f5es para realizar contato com nossos agentes.<\/p>\n","protected":false},"author":11,"featured_media":0,"parent":0,"menu_order":0,"comment_status":"closed","ping_status":"closed","template":"","meta":{"neve_meta_sidebar":"","neve_meta_container":"","neve_meta_enable_content_width":"","neve_meta_content_width":0,"neve_meta_title_alignment":"","neve_meta_author_avatar":"","neve_post_elements_order":"","neve_meta_disable_header":"","neve_meta_disable_footer":"","neve_meta_disable_title":"","footnotes":""},"class_list":["post-2301","page","type-page","status-publish","hentry"],"yoast_head":"<!-- This site is optimized with the Yoast SEO plugin v27.2 - https:\/\/yoast.com\/product\/yoast-seo-wordpress\/ -->\n<title>Atendimento ao Cliente - IntelMais<\/title>\n<meta name=\"robots\" content=\"index, follow, max-snippet:-1, max-image-preview:large, max-video-preview:-1\" \/>\n<link rel=\"canonical\" href=\"https:\/\/www.intelmais.com\/?page_id=2301\" \/>\n<meta property=\"og:locale\" content=\"pt_BR\" \/>\n<meta property=\"og:type\" content=\"article\" \/>\n<meta property=\"og:title\" content=\"Atendimento ao Cliente - IntelMais\" \/>\n<meta property=\"og:description\" content=\"Atendimento ao Cliente Selecione o cliente para continuidade no atendimento.DataStock Atendimento ao cliente;Educacional: Faculdades Anhanguera, Fama, Pit\u00e1goras, Unic, Uniderp, Unime e Unopar ;Open Co: Biz Capital, Geru e Rebel Financeiras;Liftcred: Liftcred Securitizadora de Cr\u00e9dito.Ao entrar na p\u00e1gina dedicada, seguir instru\u00e7\u00f5es para realizar contato com nossos agentes.\" \/>\n<meta property=\"og:url\" content=\"https:\/\/www.intelmais.com\/?page_id=2301\" \/>\n<meta property=\"og:site_name\" content=\"IntelMais\" \/>\n<meta property=\"article:publisher\" content=\"https:\/\/www.facebook.com\/intelmaiscallcenter\" \/>\n<meta property=\"article:modified_time\" content=\"2026-03-30T19:50:13+00:00\" \/>\n<meta name=\"twitter:card\" content=\"summary_large_image\" \/>\n<script type=\"application\/ld+json\" class=\"yoast-schema-graph\">{\"@context\":\"https:\/\/schema.org\",\"@graph\":[{\"@type\":\"WebPage\",\"@id\":\"https:\/\/www.intelmais.com\/?page_id=2301\",\"url\":\"https:\/\/www.intelmais.com\/?page_id=2301\",\"name\":\"Atendimento ao Cliente - IntelMais\",\"isPartOf\":{\"@id\":\"https:\/\/www.intelmais.com\/#website\"},\"datePublished\":\"2017-05-17T23:30:12+00:00\",\"dateModified\":\"2026-03-30T19:50:13+00:00\",\"breadcrumb\":{\"@id\":\"https:\/\/www.intelmais.com\/?page_id=2301#breadcrumb\"},\"inLanguage\":\"pt-BR\",\"potentialAction\":[{\"@type\":\"ReadAction\",\"target\":[\"https:\/\/www.intelmais.com\/?page_id=2301\"]}]},{\"@type\":\"BreadcrumbList\",\"@id\":\"https:\/\/www.intelmais.com\/?page_id=2301#breadcrumb\",\"itemListElement\":[{\"@type\":\"ListItem\",\"position\":1,\"name\":\"In\u00edcio\",\"item\":\"https:\/\/www.intelmais.com\/\"},{\"@type\":\"ListItem\",\"position\":2,\"name\":\"Atendimento ao Cliente\"}]},{\"@type\":\"WebSite\",\"@id\":\"https:\/\/www.intelmais.com\/#website\",\"url\":\"https:\/\/www.intelmais.com\/\",\"name\":\"IntelMais\",\"description\":\"Servi\u00e7os de Callcenter\",\"publisher\":{\"@id\":\"https:\/\/www.intelmais.com\/#organization\"},\"potentialAction\":[{\"@type\":\"SearchAction\",\"target\":{\"@type\":\"EntryPoint\",\"urlTemplate\":\"https:\/\/www.intelmais.com\/?s={search_term_string}\"},\"query-input\":{\"@type\":\"PropertyValueSpecification\",\"valueRequired\":true,\"valueName\":\"search_term_string\"}}],\"inLanguage\":\"pt-BR\"},{\"@type\":\"Organization\",\"@id\":\"https:\/\/www.intelmais.com\/#organization\",\"name\":\"IntelMais\",\"url\":\"https:\/\/www.intelmais.com\/\",\"logo\":{\"@type\":\"ImageObject\",\"inLanguage\":\"pt-BR\",\"@id\":\"https:\/\/www.intelmais.com\/#\/schema\/logo\/image\/\",\"url\":\"https:\/\/www.intelmais.com\/wp-content\/uploads\/2022\/03\/LogoHorizontalColor250x55.png\",\"contentUrl\":\"https:\/\/www.intelmais.com\/wp-content\/uploads\/2022\/03\/LogoHorizontalColor250x55.png\",\"width\":250,\"height\":63,\"caption\":\"IntelMais\"},\"image\":{\"@id\":\"https:\/\/www.intelmais.com\/#\/schema\/logo\/image\/\"},\"sameAs\":[\"https:\/\/www.facebook.com\/intelmaiscallcenter\",\"https:\/\/www.instagram.com\/intelmais.callcenter\/\"]}]}<\/script>\n<!-- \/ Yoast SEO plugin. -->","yoast_head_json":{"title":"Atendimento ao Cliente - IntelMais","robots":{"index":"index","follow":"follow","max-snippet":"max-snippet:-1","max-image-preview":"max-image-preview:large","max-video-preview":"max-video-preview:-1"},"canonical":"https:\/\/www.intelmais.com\/?page_id=2301","og_locale":"pt_BR","og_type":"article","og_title":"Atendimento ao Cliente - IntelMais","og_description":"Atendimento ao Cliente Selecione o cliente para continuidade no atendimento.DataStock Atendimento ao cliente;Educacional: Faculdades Anhanguera, Fama, Pit\u00e1goras, Unic, Uniderp, Unime e Unopar ;Open Co: Biz Capital, Geru e Rebel Financeiras;Liftcred: Liftcred Securitizadora de Cr\u00e9dito.Ao entrar na p\u00e1gina dedicada, seguir instru\u00e7\u00f5es para realizar contato com nossos agentes.","og_url":"https:\/\/www.intelmais.com\/?page_id=2301","og_site_name":"IntelMais","article_publisher":"https:\/\/www.facebook.com\/intelmaiscallcenter","article_modified_time":"2026-03-30T19:50:13+00:00","twitter_card":"summary_large_image","schema":{"@context":"https:\/\/schema.org","@graph":[{"@type":"WebPage","@id":"https:\/\/www.intelmais.com\/?page_id=2301","url":"https:\/\/www.intelmais.com\/?page_id=2301","name":"Atendimento ao Cliente - IntelMais","isPartOf":{"@id":"https:\/\/www.intelmais.com\/#website"},"datePublished":"2017-05-17T23:30:12+00:00","dateModified":"2026-03-30T19:50:13+00:00","breadcrumb":{"@id":"https:\/\/www.intelmais.com\/?page_id=2301#breadcrumb"},"inLanguage":"pt-BR","potentialAction":[{"@type":"ReadAction","target":["https:\/\/www.intelmais.com\/?page_id=2301"]}]},{"@type":"BreadcrumbList","@id":"https:\/\/www.intelmais.com\/?page_id=2301#breadcrumb","itemListElement":[{"@type":"ListItem","position":1,"name":"In\u00edcio","item":"https:\/\/www.intelmais.com\/"},{"@type":"ListItem","position":2,"name":"Atendimento ao Cliente"}]},{"@type":"WebSite","@id":"https:\/\/www.intelmais.com\/#website","url":"https:\/\/www.intelmais.com\/","name":"IntelMais","description":"Servi\u00e7os de Callcenter","publisher":{"@id":"https:\/\/www.intelmais.com\/#organization"},"potentialAction":[{"@type":"SearchAction","target":{"@type":"EntryPoint","urlTemplate":"https:\/\/www.intelmais.com\/?s={search_term_string}"},"query-input":{"@type":"PropertyValueSpecification","valueRequired":true,"valueName":"search_term_string"}}],"inLanguage":"pt-BR"},{"@type":"Organization","@id":"https:\/\/www.intelmais.com\/#organization","name":"IntelMais","url":"https:\/\/www.intelmais.com\/","logo":{"@type":"ImageObject","inLanguage":"pt-BR","@id":"https:\/\/www.intelmais.com\/#\/schema\/logo\/image\/","url":"https:\/\/www.intelmais.com\/wp-content\/uploads\/2022\/03\/LogoHorizontalColor250x55.png","contentUrl":"https:\/\/www.intelmais.com\/wp-content\/uploads\/2022\/03\/LogoHorizontalColor250x55.png","width":250,"height":63,"caption":"IntelMais"},"image":{"@id":"https:\/\/www.intelmais.com\/#\/schema\/logo\/image\/"},"sameAs":["https:\/\/www.facebook.com\/intelmaiscallcenter","https:\/\/www.instagram.com\/intelmais.callcenter\/"]}]}},"_links":{"self":[{"href":"https:\/\/www.intelmais.com\/index.php?rest_route=\/wp\/v2\/pages\/2301","targetHints":{"allow":["GET"]}}],"collection":[{"href":"https:\/\/www.intelmais.com\/index.php?rest_route=\/wp\/v2\/pages"}],"about":[{"href":"https:\/\/www.intelmais.com\/index.php?rest_route=\/wp\/v2\/types\/page"}],"author":[{"embeddable":true,"href":"https:\/\/www.intelmais.com\/index.php?rest_route=\/wp\/v2\/users\/11"}],"replies":[{"embeddable":true,"href":"https:\/\/www.intelmais.com\/index.php?rest_route=%2Fwp%2Fv2%2Fcomments&post=2301"}],"version-history":[{"count":40,"href":"https:\/\/www.intelmais.com\/index.php?rest_route=\/wp\/v2\/pages\/2301\/revisions"}],"predecessor-version":[{"id":3197,"href":"https:\/\/www.intelmais.com\/index.php?rest_route=\/wp\/v2\/pages\/2301\/revisions\/3197"}],"wp:attachment":[{"href":"https:\/\/www.intelmais.com\/index.php?rest_route=%2Fwp%2Fv2%2Fmedia&parent=2301"}],"curies":[{"name":"wp","href":"https:\/\/api.w.org\/{rel}","templated":true}]}}