{"id":11,"date":"2014-04-14T08:03:33","date_gmt":"2014-04-14T11:03:33","guid":{"rendered":"http:\/\/bitpublimedia.ro\/themeforest\/sapphire-wp\/?page_id=11"},"modified":"2026-03-28T16:46:58","modified_gmt":"2026-03-28T19:46:58","slug":"quem-somos","status":"publish","type":"page","link":"https:\/\/www.intelmais.com\/?page_id=11","title":{"rendered":"Sobre a IntelMais"},"content":{"rendered":"<div class=\"vce-row-container\" data-vce-boxed-width=\"true\"><div class=\"vce-row vce-row--col-gap-30 vce-row-equal-height vce-row-content--top\" id=\"el-fd0902cc\" data-vce-do-apply=\"all el-fd0902cc\"><div class=\"vce-row-content\" data-vce-element-content=\"true\"><div class=\"vce-col vce-col--md-auto vce-col--xs-1 vce-col--xs-last vce-col--xs-first vce-col--sm-last vce-col--sm-first vce-col--md-last vce-col--lg-last vce-col--xl-last vce-col--md-first vce-col--lg-first vce-col--xl-first\" id=\"el-5700eebe\"><div class=\"vce-col-inner\" data-vce-do-apply=\"border margin background  el-5700eebe\"><div class=\"vce-col-content\" data-vce-element-content=\"true\" data-vce-do-apply=\"padding el-5700eebe\"><div class=\"vce-text-block\"><div class=\"vce-text-block-wrapper vce\" id=\"el-4c9f042b\" data-vce-do-apply=\"all el-4c9f042b\"><div>A IntelMais Servi\u00e7os de Callcenter \u00e9 uma empresa sustent\u00e1vel, completa e inovadora, inspirada pelo est\u00edmulo \u00e0 mudan\u00e7a evolutiva, indo al\u00e9m dos servi\u00e7os de gest\u00e3o de atendimentos financeiros e atendendo todas as necessidades de Back Office dos seus clientes, gerando valor compartilhado que transformam a vida das pessoas, das empresas e do pa\u00eds.<\/div><div><p>Nossos servi\u00e7os e produtos s\u00e3o diferenciados porque o know-how de nossa equipe, adquirido em anos de experi\u00eancia nos permite atender de forma personalizada \u00e0s diferentes necessidades das empresas, nos mais variados segmentos. sempre com respeito, dedica\u00e7\u00e3o e \u00e9tica, preservando plenamente a sua imagem e reputa\u00e7\u00e3o.<\/p><p>Cumprimos as metas com compet\u00eancia e velocidade, mudando, transformando e desenvolvendo o mercado financeiro desde a nossa funda\u00e7\u00e3o em 1998.<\/p><p>Conhe\u00e7a nossa atual trajet\u00f3ria:&nbsp;<\/p><p><span style=\"font-size: 12pt; color: #16c79a;\"><strong>1998 - 2020<\/strong><\/span><\/p><p><span style=\"font-size: 12pt; color: #26355d;\"><strong> Ano de Funda\u00e7\u00e3o - primeiros passos<\/strong><\/span><\/p><p>Em 1998 nasce a empresa como bra\u00e7o operacional de produtos de Callcenter dentro de um grupo de empresas reconhecido no mercado. Neste per\u00edodo, participou do modelo de gest\u00e3o e inova\u00e7\u00e3o do antigo grupo, contemplando grande crescimento em sua carteira de clientes e, consequentemente, tendo a oportunidade de ampliar o leque de servi\u00e7os, mantendo a qualidade e as necessidades de melhorias cont\u00ednuas. Foi neste per\u00edodo que contemplamos novos processos, envolvendo a gest\u00e3o de seguran\u00e7a da informa\u00e7\u00e3o, boas pr\u00e1ticas de atendimento, recursos de multicanais (voz e digital), gerenciamento de informa\u00e7\u00f5es com apoio das \u00b4\u00e1reas de MIS\/BI, automa\u00e7\u00e3o de processos e afins.<\/p><p><span style=\"color: #16c79a;\"><strong><span style=\"font-size: 12pt;\">2021 - Atual<\/span><\/strong><\/span><\/p><p><strong><span style=\"font-size: 12pt; color: #26355d;\"> Reestrutura\u00e7\u00e3o e perspectivas da empresa<\/span><\/strong><\/p><p>Em janeiro de 2021, ap\u00f3s um per\u00edodo desafiador,&nbsp; a IntelMais resolve seguir caminho apartado do seu antigo grupo empresarial, sendo assumida por dois novos s\u00f3cios com compromisso de retomada de crescimento e de reconhecimento no mercado.<\/p><p>Os novos s\u00f3cios, <strong>Celso Saheki&nbsp;<\/strong>e&nbsp;<strong>Enrique Leandro Company<\/strong>, atuam a mais de 20 anos no mercado de atendimento ao cliente e&nbsp; relacionamento financeiro, com foco na gest\u00e3o administrativa e financeira, tecnologia da informa\u00e7\u00e3o, gest\u00e3o de MIS\/BI e opera\u00e7\u00f5es de gest\u00e3o de relacionamento financeiro (amig\u00e1vel\/judicial) e vendas.<\/p><p>Ainda neste ano, a empresa se estabelece em sua nova sede, situada no centro da capital, em nova estrutura, mais adequada aos seus objetivos, incluindo projetos de expans\u00e3o.<\/p><\/div><p>J\u00e1 em 2022 conseguimos destaque em nossos clientes o que, naturalmente, nos contemplou com relevante crescimento org\u00e2nico em nossos parceiros e a entrada de novas parcerias, repetindo feito em 2023.<\/p><p>Trabalhamos com proje\u00e7\u00f5es otimistas com a constante melhoria de nossos processos, realizando entregas de destaque junto aos atuais e novos parceiros.<\/p><\/div><\/div><\/div><\/div><\/div><\/div><\/div><\/div>\n","protected":false},"excerpt":{"rendered":"<p>A IntelMais Servi\u00e7os de Callcenter \u00e9 uma empresa sustent\u00e1vel, completa e inovadora, inspirada pelo est\u00edmulo \u00e0 mudan\u00e7a evolutiva, indo al\u00e9m dos servi\u00e7os de gest\u00e3o de atendimentos financeiros e atendendo todas as necessidades de Back Office dos seus clientes, gerando valor compartilhado que transformam a vida das pessoas, das empresas e do pa\u00eds.Nossos servi\u00e7os e produtos&hellip;&nbsp;<a href=\"https:\/\/www.intelmais.com\/?page_id=11\" rel=\"bookmark\">Continue a ler &raquo;<span class=\"screen-reader-text\">Sobre a IntelMais<\/span><\/a><\/p>\n","protected":false},"author":11,"featured_media":0,"parent":0,"menu_order":0,"comment_status":"closed","ping_status":"closed","template":"","meta":{"neve_meta_sidebar":"","neve_meta_container":"","neve_meta_enable_content_width":"off","neve_meta_content_width":100,"neve_meta_title_alignment":"","neve_meta_author_avatar":"","neve_post_elements_order":"","neve_meta_disable_header":"","neve_meta_disable_footer":"","neve_meta_disable_title":"","footnotes":""},"class_list":["post-11","page","type-page","status-publish","hentry"],"yoast_head":"<!-- This site is optimized with the Yoast SEO plugin v27.5 - https:\/\/yoast.com\/product\/yoast-seo-wordpress\/ -->\n<title>Sobre a IntelMais - IntelMais<\/title>\n<meta name=\"robots\" content=\"index, follow, max-snippet:-1, max-image-preview:large, max-video-preview:-1\" \/>\n<link rel=\"canonical\" href=\"https:\/\/www.intelmais.com\/?page_id=11\" \/>\n<meta property=\"og:locale\" content=\"pt_BR\" \/>\n<meta property=\"og:type\" content=\"article\" \/>\n<meta property=\"og:title\" content=\"Sobre a IntelMais - IntelMais\" \/>\n<meta property=\"og:description\" content=\"A IntelMais Servi\u00e7os de Callcenter \u00e9 uma empresa sustent\u00e1vel, completa e inovadora, inspirada pelo est\u00edmulo \u00e0 mudan\u00e7a evolutiva, indo al\u00e9m dos servi\u00e7os de gest\u00e3o de atendimentos financeiros e atendendo todas as necessidades de Back Office dos seus clientes, gerando valor compartilhado que transformam a vida das pessoas, das empresas e do pa\u00eds.Nossos servi\u00e7os e produtos&hellip;&nbsp;Continue a ler &raquo;Sobre a IntelMais\" \/>\n<meta property=\"og:url\" content=\"https:\/\/www.intelmais.com\/?page_id=11\" \/>\n<meta property=\"og:site_name\" content=\"IntelMais\" \/>\n<meta property=\"article:publisher\" content=\"https:\/\/www.facebook.com\/intelmaiscallcenter\" \/>\n<meta property=\"article:modified_time\" content=\"2026-03-28T19:46:58+00:00\" \/>\n<meta name=\"twitter:card\" content=\"summary_large_image\" \/>\n<meta name=\"twitter:label1\" content=\"Est. tempo de leitura\" \/>\n\t<meta name=\"twitter:data1\" content=\"2 minutos\" \/>\n<script type=\"application\/ld+json\" class=\"yoast-schema-graph\">{\"@context\":\"https:\\\/\\\/schema.org\",\"@graph\":[{\"@type\":\"WebPage\",\"@id\":\"https:\\\/\\\/www.intelmais.com\\\/?page_id=11\",\"url\":\"https:\\\/\\\/www.intelmais.com\\\/?page_id=11\",\"name\":\"Sobre a IntelMais - IntelMais\",\"isPartOf\":{\"@id\":\"https:\\\/\\\/www.intelmais.com\\\/#website\"},\"datePublished\":\"2014-04-14T11:03:33+00:00\",\"dateModified\":\"2026-03-28T19:46:58+00:00\",\"breadcrumb\":{\"@id\":\"https:\\\/\\\/www.intelmais.com\\\/?page_id=11#breadcrumb\"},\"inLanguage\":\"pt-BR\",\"potentialAction\":[{\"@type\":\"ReadAction\",\"target\":[\"https:\\\/\\\/www.intelmais.com\\\/?page_id=11\"]}]},{\"@type\":\"BreadcrumbList\",\"@id\":\"https:\\\/\\\/www.intelmais.com\\\/?page_id=11#breadcrumb\",\"itemListElement\":[{\"@type\":\"ListItem\",\"position\":1,\"name\":\"In\u00edcio\",\"item\":\"https:\\\/\\\/www.intelmais.com\\\/\"},{\"@type\":\"ListItem\",\"position\":2,\"name\":\"Sobre a IntelMais\"}]},{\"@type\":\"WebSite\",\"@id\":\"https:\\\/\\\/www.intelmais.com\\\/#website\",\"url\":\"https:\\\/\\\/www.intelmais.com\\\/\",\"name\":\"IntelMais\",\"description\":\"Servi\u00e7os de Callcenter\",\"publisher\":{\"@id\":\"https:\\\/\\\/www.intelmais.com\\\/#organization\"},\"potentialAction\":[{\"@type\":\"SearchAction\",\"target\":{\"@type\":\"EntryPoint\",\"urlTemplate\":\"https:\\\/\\\/www.intelmais.com\\\/?s={search_term_string}\"},\"query-input\":{\"@type\":\"PropertyValueSpecification\",\"valueRequired\":true,\"valueName\":\"search_term_string\"}}],\"inLanguage\":\"pt-BR\"},{\"@type\":\"Organization\",\"@id\":\"https:\\\/\\\/www.intelmais.com\\\/#organization\",\"name\":\"IntelMais\",\"url\":\"https:\\\/\\\/www.intelmais.com\\\/\",\"logo\":{\"@type\":\"ImageObject\",\"inLanguage\":\"pt-BR\",\"@id\":\"https:\\\/\\\/www.intelmais.com\\\/#\\\/schema\\\/logo\\\/image\\\/\",\"url\":\"https:\\\/\\\/www.intelmais.com\\\/wp-content\\\/uploads\\\/2022\\\/03\\\/LogoHorizontalColor250x55.png\",\"contentUrl\":\"https:\\\/\\\/www.intelmais.com\\\/wp-content\\\/uploads\\\/2022\\\/03\\\/LogoHorizontalColor250x55.png\",\"width\":250,\"height\":63,\"caption\":\"IntelMais\"},\"image\":{\"@id\":\"https:\\\/\\\/www.intelmais.com\\\/#\\\/schema\\\/logo\\\/image\\\/\"},\"sameAs\":[\"https:\\\/\\\/www.facebook.com\\\/intelmaiscallcenter\",\"https:\\\/\\\/www.instagram.com\\\/intelmais.callcenter\\\/\"]}]}<\/script>\n<!-- \/ Yoast SEO plugin. -->","yoast_head_json":{"title":"Sobre a IntelMais - IntelMais","robots":{"index":"index","follow":"follow","max-snippet":"max-snippet:-1","max-image-preview":"max-image-preview:large","max-video-preview":"max-video-preview:-1"},"canonical":"https:\/\/www.intelmais.com\/?page_id=11","og_locale":"pt_BR","og_type":"article","og_title":"Sobre a IntelMais - IntelMais","og_description":"A IntelMais Servi\u00e7os de Callcenter \u00e9 uma empresa sustent\u00e1vel, completa e inovadora, inspirada pelo est\u00edmulo \u00e0 mudan\u00e7a evolutiva, indo al\u00e9m dos servi\u00e7os de gest\u00e3o de atendimentos financeiros e atendendo todas as necessidades de Back Office dos seus clientes, gerando valor compartilhado que transformam a vida das pessoas, das empresas e do pa\u00eds.Nossos servi\u00e7os e produtos&hellip;&nbsp;Continue a ler &raquo;Sobre a IntelMais","og_url":"https:\/\/www.intelmais.com\/?page_id=11","og_site_name":"IntelMais","article_publisher":"https:\/\/www.facebook.com\/intelmaiscallcenter","article_modified_time":"2026-03-28T19:46:58+00:00","twitter_card":"summary_large_image","twitter_misc":{"Est. tempo de leitura":"2 minutos"},"schema":{"@context":"https:\/\/schema.org","@graph":[{"@type":"WebPage","@id":"https:\/\/www.intelmais.com\/?page_id=11","url":"https:\/\/www.intelmais.com\/?page_id=11","name":"Sobre a IntelMais - IntelMais","isPartOf":{"@id":"https:\/\/www.intelmais.com\/#website"},"datePublished":"2014-04-14T11:03:33+00:00","dateModified":"2026-03-28T19:46:58+00:00","breadcrumb":{"@id":"https:\/\/www.intelmais.com\/?page_id=11#breadcrumb"},"inLanguage":"pt-BR","potentialAction":[{"@type":"ReadAction","target":["https:\/\/www.intelmais.com\/?page_id=11"]}]},{"@type":"BreadcrumbList","@id":"https:\/\/www.intelmais.com\/?page_id=11#breadcrumb","itemListElement":[{"@type":"ListItem","position":1,"name":"In\u00edcio","item":"https:\/\/www.intelmais.com\/"},{"@type":"ListItem","position":2,"name":"Sobre a IntelMais"}]},{"@type":"WebSite","@id":"https:\/\/www.intelmais.com\/#website","url":"https:\/\/www.intelmais.com\/","name":"IntelMais","description":"Servi\u00e7os de Callcenter","publisher":{"@id":"https:\/\/www.intelmais.com\/#organization"},"potentialAction":[{"@type":"SearchAction","target":{"@type":"EntryPoint","urlTemplate":"https:\/\/www.intelmais.com\/?s={search_term_string}"},"query-input":{"@type":"PropertyValueSpecification","valueRequired":true,"valueName":"search_term_string"}}],"inLanguage":"pt-BR"},{"@type":"Organization","@id":"https:\/\/www.intelmais.com\/#organization","name":"IntelMais","url":"https:\/\/www.intelmais.com\/","logo":{"@type":"ImageObject","inLanguage":"pt-BR","@id":"https:\/\/www.intelmais.com\/#\/schema\/logo\/image\/","url":"https:\/\/www.intelmais.com\/wp-content\/uploads\/2022\/03\/LogoHorizontalColor250x55.png","contentUrl":"https:\/\/www.intelmais.com\/wp-content\/uploads\/2022\/03\/LogoHorizontalColor250x55.png","width":250,"height":63,"caption":"IntelMais"},"image":{"@id":"https:\/\/www.intelmais.com\/#\/schema\/logo\/image\/"},"sameAs":["https:\/\/www.facebook.com\/intelmaiscallcenter","https:\/\/www.instagram.com\/intelmais.callcenter\/"]}]}},"_links":{"self":[{"href":"https:\/\/www.intelmais.com\/index.php?rest_route=\/wp\/v2\/pages\/11","targetHints":{"allow":["GET"]}}],"collection":[{"href":"https:\/\/www.intelmais.com\/index.php?rest_route=\/wp\/v2\/pages"}],"about":[{"href":"https:\/\/www.intelmais.com\/index.php?rest_route=\/wp\/v2\/types\/page"}],"author":[{"embeddable":true,"href":"https:\/\/www.intelmais.com\/index.php?rest_route=\/wp\/v2\/users\/11"}],"replies":[{"embeddable":true,"href":"https:\/\/www.intelmais.com\/index.php?rest_route=%2Fwp%2Fv2%2Fcomments&post=11"}],"version-history":[{"count":74,"href":"https:\/\/www.intelmais.com\/index.php?rest_route=\/wp\/v2\/pages\/11\/revisions"}],"predecessor-version":[{"id":3183,"href":"https:\/\/www.intelmais.com\/index.php?rest_route=\/wp\/v2\/pages\/11\/revisions\/3183"}],"wp:attachment":[{"href":"https:\/\/www.intelmais.com\/index.php?rest_route=%2Fwp%2Fv2%2Fmedia&parent=11"}],"curies":[{"name":"wp","href":"https:\/\/api.w.org\/{rel}","templated":true}]}}